{"id":61,"date":"2019-07-22T07:37:09","date_gmt":"2019-07-22T07:37:09","guid":{"rendered":"https:\/\/bravecomponents.de\/?page_id=61"},"modified":"2021-03-24T11:54:50","modified_gmt":"2021-03-24T10:54:50","slug":"impressum","status":"publish","type":"page","link":"https:\/\/bravecomponents.com\/en\/impressum\/","title":{"rendered":"Imprint"},"content":{"rendered":"<div data-elementor-type=\"wp-page\" data-elementor-id=\"61\" class=\"elementor elementor-61\">\n\t\t\t\t\t\t\t\t\t<section class=\"elementor-section elementor-top-section elementor-element elementor-element-240cb59 elementor-section-boxed elementor-section-height-default elementor-section-height-default\" data-id=\"240cb59\" data-element_type=\"section\">\n\t\t\t\t\t\t<div class=\"elementor-container elementor-column-gap-default\">\n\t\t\t\t\t<div class=\"elementor-column elementor-col-100 elementor-top-column elementor-element elementor-element-4e7c67d\" data-id=\"4e7c67d\" data-element_type=\"column\">\n\t\t\t<div class=\"elementor-widget-wrap elementor-element-populated\">\n\t\t\t\t\t\t\t\t<div class=\"elementor-element elementor-element-4f723e4 elementor-widget elementor-widget-heading\" data-id=\"4f723e4\" data-element_type=\"widget\" data-widget_type=\"heading.default\">\n\t\t\t\t<div class=\"elementor-widget-container\">\n\t\t\t<style>\/*! elementor - v3.7.4 - 31-08-2022 *\/\n.elementor-heading-title{padding:0;margin:0;line-height:1}.elementor-widget-heading .elementor-heading-title[class*=elementor-size-]>a{color:inherit;font-size:inherit;line-height:inherit}.elementor-widget-heading .elementor-heading-title.elementor-size-small{font-size:15px}.elementor-widget-heading .elementor-heading-title.elementor-size-medium{font-size:19px}.elementor-widget-heading .elementor-heading-title.elementor-size-large{font-size:29px}.elementor-widget-heading .elementor-heading-title.elementor-size-xl{font-size:39px}.elementor-widget-heading .elementor-heading-title.elementor-size-xxl{font-size:59px}<\/style><h1 class=\"elementor-heading-title elementor-size-large\">Imprint<\/h1>\t\t<\/div>\n\t\t\t\t<\/div>\n\t\t\t\t\t<\/div>\n\t\t<\/div>\n\t\t\t\t\t\t\t<\/div>\n\t\t<\/section>\n\t\t\t\t<section class=\"elementor-section elementor-top-section elementor-element elementor-element-87cec10 elementor-section-boxed elementor-section-height-default elementor-section-height-default\" data-id=\"87cec10\" data-element_type=\"section\">\n\t\t\t\t\t\t<div class=\"elementor-container elementor-column-gap-default\">\n\t\t\t\t\t<div class=\"elementor-column elementor-col-100 elementor-top-column elementor-element elementor-element-d1ee8c3\" data-id=\"d1ee8c3\" data-element_type=\"column\">\n\t\t\t<div class=\"elementor-widget-wrap elementor-element-populated\">\n\t\t\t\t\t\t\t\t<div class=\"elementor-element elementor-element-725ffe4 elementor-widget elementor-widget-text-editor\" data-id=\"725ffe4\" data-element_type=\"widget\" data-widget_type=\"text-editor.default\">\n\t\t\t\t<div class=\"elementor-widget-container\">\n\t\t\t<style>\/*! elementor - v3.7.4 - 31-08-2022 *\/\n.elementor-widget-text-editor.elementor-drop-cap-view-stacked .elementor-drop-cap{background-color:#818a91;color:#fff}.elementor-widget-text-editor.elementor-drop-cap-view-framed .elementor-drop-cap{color:#818a91;border:3px solid;background-color:transparent}.elementor-widget-text-editor:not(.elementor-drop-cap-view-default) .elementor-drop-cap{margin-top:8px}.elementor-widget-text-editor:not(.elementor-drop-cap-view-default) .elementor-drop-cap-letter{width:1em;height:1em}.elementor-widget-text-editor .elementor-drop-cap{float:left;text-align:center;line-height:1;font-size:50px}.elementor-widget-text-editor .elementor-drop-cap-letter{display:inline-block}<\/style>\t\t\t\t<p><strong>Information according to \u00a7 5 TMG<\/strong><\/p>\n<p>Brave Components UG (limited liability)<br>Managing Director: Falk Hofmann<br>Saydaer Str. 21<br>09125 Chemnitz<\/p>\n<p>HRB 32293 Local Court Chemnitz<\/p>\n<p><strong>Contact<\/strong><\/p>\n<p>Phone: 0371 560 089 70<br>E-mail: <a href=\"mailto:contact@bravecomponents.com\">contact@bravecomponents.com<\/a><\/p>\n<p><strong>VAT ID<\/strong><\/p>\n<p>Sales tax identification number pursuant to \u00a7 27 a of the German Sales Tax Act:<\/p>\n<p>DE322494393<\/p>\n<p><b>Registration no. for packaging subject to system participation requirements<\/b><\/p>\n<p>Responsible for the content according to \u00a7 55 para. 2 RStV<\/p>\n<p>Falk Hofmann \/Brave Components UG (haftungsbeschr\u00e4nkt)<\/p>\n<p>Saydaer Str. 21<\/p>\n<p>09125 Chemnitz<\/p>\n<p><b>Consumer Dispute Resolution \/Universal Dispute Resolution Service<\/b><\/p>\n<p>We are not willing or obliged to participate in dispute resolution proceedings before a consumer arbitration board.<\/p>\n<p><b>Technical realisation and web design<\/b><\/p>\n<p>LKnz Media Design<\/p>\n<p>Luca K\u00fcnzel<\/p>\n<p><a href=\"http:\/\/LKnz.de\" target=\"_blank\" rel=\"noopener\">LKnz.de<\/a><\/p>\n<p><\/p>\t\t\t\t\t\t<\/div>\n\t\t\t\t<\/div>\n\t\t\t\t\t<\/div>\n\t\t<\/div>\n\t\t\t\t\t\t\t<\/div>\n\t\t<\/section>\n\t\t\t\t\t\t\t<\/div>","protected":false},"excerpt":{"rendered":"<p>Imprint Information pursuant to \u00a7 5 TMG Brave Components UG (haftungsbeschr\u00e4nkt) Managing Director: Falk Hofmann Saydaer Str. 21 09125 Chemnitz HRB 32293 Chemnitz Local Court Contact Phone: 0371 560 089 70 E-mail: contact@bravecomponents.com VAT ID VAT identification number pursuant to \u00a7 27 a of the German Value Added Tax Act: DE322494393 Registration no. for packaging subject to system participation Responsible for the content pursuant to \u00a7 55 para. 2 RStV Falk Hofmann \/Brave [...]<\/p>","protected":false},"author":5,"featured_media":0,"parent":0,"menu_order":0,"comment_status":"closed","ping_status":"closed","template":"","meta":[],"yoast_head":"<!-- This site is optimized with the Yoast SEO plugin v19.6.1 - https:\/\/yoast.com\/wordpress\/plugins\/seo\/ -->\n<title>Impressum - Brave Components<\/title>\n<meta name=\"robots\" content=\"index, follow, max-snippet:-1, max-image-preview:large, max-video-preview:-1\" \/>\n<link rel=\"canonical\" href=\"https:\/\/bravecomponents.com\/en\/impressum\/\" \/>\n<meta property=\"og:locale\" content=\"en_GB\" \/>\n<meta property=\"og:type\" content=\"article\" \/>\n<meta property=\"og:title\" content=\"Impressum - Brave Components\" \/>\n<meta property=\"og:description\" content=\"Impressum Angaben gem\u00e4\u00df \u00a7 5 TMG Brave Components UG (haftungsbeschr\u00e4nkt) Gesch\u00e4ftsf\u00fchrer: Falk Hofmann Saydaer Str. 21 09125 Chemnitz HRB 32293 Amtsgericht Chemnitz Kontakt Telefon: 0371 560 089 70 E-Mail: contact@bravecomponents.com Umsatzsteuer-ID Umsatzsteuer-Identifikationsnummer gem\u00e4\u00df \u00a7 27 a Umsatzsteuergesetz: DE322494393 Registrierungs-Nr. f\u00fcr systembeteiligungspflichtige Verpackungen Verantwortlich f\u00fcr den Inhalt nach \u00a7 55 Abs. 2 RStV Falk Hofmann \/Brave [&hellip;]\" \/>\n<meta property=\"og:url\" content=\"https:\/\/bravecomponents.com\/en\/impressum\/\" \/>\n<meta property=\"og:site_name\" content=\"Brave Components\" \/>\n<meta property=\"article:modified_time\" content=\"2021-03-24T10:54:50+00:00\" \/>\n<meta name=\"twitter:card\" content=\"summary_large_image\" \/>\n<meta name=\"twitter:label1\" content=\"Estimated reading time\" \/>\n\t<meta name=\"twitter:data1\" content=\"1 minute\" \/>\n<script type=\"application\/ld+json\" class=\"yoast-schema-graph\">{\"@context\":\"https:\/\/schema.org\",\"@graph\":[{\"@type\":\"WebPage\",\"@id\":\"https:\/\/bravecomponents.com\/impressum\/\",\"url\":\"https:\/\/bravecomponents.com\/impressum\/\",\"name\":\"Impressum - Brave Components\",\"isPartOf\":{\"@id\":\"https:\/\/bravecomponents.com\/#website\"},\"datePublished\":\"2019-07-22T07:37:09+00:00\",\"dateModified\":\"2021-03-24T10:54:50+00:00\",\"breadcrumb\":{\"@id\":\"https:\/\/bravecomponents.com\/impressum\/#breadcrumb\"},\"inLanguage\":\"en-GB\",\"potentialAction\":[{\"@type\":\"ReadAction\",\"target\":[\"https:\/\/bravecomponents.com\/impressum\/\"]}]},{\"@type\":\"BreadcrumbList\",\"@id\":\"https:\/\/bravecomponents.com\/impressum\/#breadcrumb\",\"itemListElement\":[{\"@type\":\"ListItem\",\"position\":1,\"name\":\"Startseite\",\"item\":\"https:\/\/bravecomponents.com\/\"},{\"@type\":\"ListItem\",\"position\":2,\"name\":\"Impressum\"}]},{\"@type\":\"WebSite\",\"@id\":\"https:\/\/bravecomponents.com\/#website\",\"url\":\"https:\/\/bravecomponents.com\/\",\"name\":\"Brave Components\",\"description\":\"\",\"publisher\":{\"@id\":\"https:\/\/bravecomponents.com\/#organization\"},\"potentialAction\":[{\"@type\":\"SearchAction\",\"target\":{\"@type\":\"EntryPoint\",\"urlTemplate\":\"https:\/\/bravecomponents.com\/?s={search_term_string}\"},\"query-input\":\"required name=search_term_string\"}],\"inLanguage\":\"en-GB\"},{\"@type\":\"Organization\",\"@id\":\"https:\/\/bravecomponents.com\/#organization\",\"name\":\"Brave Components\",\"url\":\"https:\/\/bravecomponents.com\/\",\"sameAs\":[],\"logo\":{\"@type\":\"ImageObject\",\"inLanguage\":\"en-GB\",\"@id\":\"https:\/\/bravecomponents.com\/#\/schema\/logo\/image\/\",\"url\":\"https:\/\/bravecomponents.com\/wp-content\/uploads\/2021\/01\/Icon_Brave1.png\",\"contentUrl\":\"https:\/\/bravecomponents.com\/wp-content\/uploads\/2021\/01\/Icon_Brave1.png\",\"width\":120,\"height\":120,\"caption\":\"Brave Components\"},\"image\":{\"@id\":\"https:\/\/bravecomponents.com\/#\/schema\/logo\/image\/\"}}]}<\/script>\n<!-- \/ Yoast SEO plugin. -->","yoast_head_json":{"title":"Impressum - Brave Components","robots":{"index":"index","follow":"follow","max-snippet":"max-snippet:-1","max-image-preview":"max-image-preview:large","max-video-preview":"max-video-preview:-1"},"canonical":"https:\/\/bravecomponents.com\/en\/impressum\/","og_locale":"en_GB","og_type":"article","og_title":"Impressum - Brave Components","og_description":"Impressum Angaben gem\u00e4\u00df \u00a7 5 TMG Brave Components UG (haftungsbeschr\u00e4nkt) Gesch\u00e4ftsf\u00fchrer: Falk Hofmann Saydaer Str. 21 09125 Chemnitz HRB 32293 Amtsgericht Chemnitz Kontakt Telefon: 0371 560 089 70 E-Mail: contact@bravecomponents.com Umsatzsteuer-ID Umsatzsteuer-Identifikationsnummer gem\u00e4\u00df \u00a7 27 a Umsatzsteuergesetz: DE322494393 Registrierungs-Nr. f\u00fcr systembeteiligungspflichtige Verpackungen Verantwortlich f\u00fcr den Inhalt nach \u00a7 55 Abs. 2 RStV Falk Hofmann \/Brave [&hellip;]","og_url":"https:\/\/bravecomponents.com\/en\/impressum\/","og_site_name":"Brave Components","article_modified_time":"2021-03-24T10:54:50+00:00","twitter_card":"summary_large_image","twitter_misc":{"Estimated reading time":"1 minute"},"schema":{"@context":"https:\/\/schema.org","@graph":[{"@type":"WebPage","@id":"https:\/\/bravecomponents.com\/impressum\/","url":"https:\/\/bravecomponents.com\/impressum\/","name":"Impressum - Brave Components","isPartOf":{"@id":"https:\/\/bravecomponents.com\/#website"},"datePublished":"2019-07-22T07:37:09+00:00","dateModified":"2021-03-24T10:54:50+00:00","breadcrumb":{"@id":"https:\/\/bravecomponents.com\/impressum\/#breadcrumb"},"inLanguage":"en-GB","potentialAction":[{"@type":"ReadAction","target":["https:\/\/bravecomponents.com\/impressum\/"]}]},{"@type":"BreadcrumbList","@id":"https:\/\/bravecomponents.com\/impressum\/#breadcrumb","itemListElement":[{"@type":"ListItem","position":1,"name":"Startseite","item":"https:\/\/bravecomponents.com\/"},{"@type":"ListItem","position":2,"name":"Impressum"}]},{"@type":"WebSite","@id":"https:\/\/bravecomponents.com\/#website","url":"https:\/\/bravecomponents.com\/","name":"Brave Components","description":"","publisher":{"@id":"https:\/\/bravecomponents.com\/#organization"},"potentialAction":[{"@type":"SearchAction","target":{"@type":"EntryPoint","urlTemplate":"https:\/\/bravecomponents.com\/?s={search_term_string}"},"query-input":"required name=search_term_string"}],"inLanguage":"en-GB"},{"@type":"Organization","@id":"https:\/\/bravecomponents.com\/#organization","name":"Brave Components","url":"https:\/\/bravecomponents.com\/","sameAs":[],"logo":{"@type":"ImageObject","inLanguage":"en-GB","@id":"https:\/\/bravecomponents.com\/#\/schema\/logo\/image\/","url":"https:\/\/bravecomponents.com\/wp-content\/uploads\/2021\/01\/Icon_Brave1.png","contentUrl":"https:\/\/bravecomponents.com\/wp-content\/uploads\/2021\/01\/Icon_Brave1.png","width":120,"height":120,"caption":"Brave Components"},"image":{"@id":"https:\/\/bravecomponents.com\/#\/schema\/logo\/image\/"}}]}},"_links":{"self":[{"href":"https:\/\/bravecomponents.com\/en\/wp-json\/wp\/v2\/pages\/61"}],"collection":[{"href":"https:\/\/bravecomponents.com\/en\/wp-json\/wp\/v2\/pages"}],"about":[{"href":"https:\/\/bravecomponents.com\/en\/wp-json\/wp\/v2\/types\/page"}],"author":[{"embeddable":true,"href":"https:\/\/bravecomponents.com\/en\/wp-json\/wp\/v2\/users\/5"}],"replies":[{"embeddable":true,"href":"https:\/\/bravecomponents.com\/en\/wp-json\/wp\/v2\/comments?post=61"}],"version-history":[{"count":51,"href":"https:\/\/bravecomponents.com\/en\/wp-json\/wp\/v2\/pages\/61\/revisions"}],"predecessor-version":[{"id":10405,"href":"https:\/\/bravecomponents.com\/en\/wp-json\/wp\/v2\/pages\/61\/revisions\/10405"}],"wp:attachment":[{"href":"https:\/\/bravecomponents.com\/en\/wp-json\/wp\/v2\/media?parent=61"}],"curies":[{"name":"wp","href":"https:\/\/api.w.org\/{rel}","templated":true}]}}