{"id":9132,"date":"2021-01-10T21:04:50","date_gmt":"2021-01-10T20:04:50","guid":{"rendered":"https:\/\/bravecomponents.de\/?page_id=9132"},"modified":"2021-07-28T09:49:09","modified_gmt":"2021-07-28T08:49:09","slug":"widerruf","status":"publish","type":"page","link":"https:\/\/bravecomponents.com\/en\/widerruf\/","title":{"rendered":"Revocation"},"content":{"rendered":"<div data-elementor-type=\"wp-page\" data-elementor-id=\"9132\" class=\"elementor elementor-9132\">\n\t\t\t\t\t\t\t\t\t<section class=\"elementor-section elementor-top-section elementor-element elementor-element-b469d6d elementor-section-boxed elementor-section-height-default elementor-section-height-default\" data-id=\"b469d6d\" data-element_type=\"section\">\n\t\t\t\t\t\t<div class=\"elementor-container elementor-column-gap-default\">\n\t\t\t\t\t<div class=\"elementor-column elementor-col-100 elementor-top-column elementor-element elementor-element-c6abe52\" data-id=\"c6abe52\" data-element_type=\"column\">\n\t\t\t<div class=\"elementor-widget-wrap elementor-element-populated\">\n\t\t\t\t\t\t\t\t<div class=\"elementor-element elementor-element-fa83ace elementor-widget elementor-widget-spacer\" data-id=\"fa83ace\" data-element_type=\"widget\" data-widget_type=\"spacer.default\">\n\t\t\t\t<div class=\"elementor-widget-container\">\n\t\t\t<style>\/*! elementor - v3.7.4 - 31-08-2022 *\/\n.elementor-column .elementor-spacer-inner{height:var(--spacer-size)}.e-container{--container-widget-width:100%}.e-container>.elementor-widget-spacer{width:var(--container-widget-width,var(--spacer-size));-ms-flex-item-align:stretch;align-self:stretch;-ms-flex-negative:0;flex-shrink:0}.e-container>.elementor-widget-spacer>.elementor-widget-container,.e-container>.elementor-widget-spacer>.elementor-widget-container>.elementor-spacer{height:100%}.e-container>.elementor-widget-spacer>.elementor-widget-container>.elementor-spacer>.elementor-spacer-inner{height:var(--container-widget-height,var(--spacer-size))}<\/style>\t\t<div class=\"elementor-spacer\">\n\t\t\t<div class=\"elementor-spacer-inner\"><\/div>\n\t\t<\/div>\n\t\t\t\t<\/div>\n\t\t\t\t<\/div>\n\t\t\t\t<div class=\"elementor-element elementor-element-f754569 elementor-widget elementor-widget-text-editor\" data-id=\"f754569\" data-element_type=\"widget\" data-widget_type=\"text-editor.default\">\n\t\t\t\t<div class=\"elementor-widget-container\">\n\t\t\t<style>\/*! elementor - v3.7.4 - 31-08-2022 *\/\n.elementor-widget-text-editor.elementor-drop-cap-view-stacked .elementor-drop-cap{background-color:#818a91;color:#fff}.elementor-widget-text-editor.elementor-drop-cap-view-framed .elementor-drop-cap{color:#818a91;border:3px solid;background-color:transparent}.elementor-widget-text-editor:not(.elementor-drop-cap-view-default) .elementor-drop-cap{margin-top:8px}.elementor-widget-text-editor:not(.elementor-drop-cap-view-default) .elementor-drop-cap-letter{width:1em;height:1em}.elementor-widget-text-editor .elementor-drop-cap{float:left;text-align:center;line-height:1;font-size:50px}.elementor-widget-text-editor .elementor-drop-cap-letter{display:inline-block}<\/style>\t\t\t\t<p>Cancellation form<\/p><p>You can use the withdrawal form for a withdrawal, but it is not mandatory. Here you will find the <a href=\"https:\/\/bravecomponents.com\/wp-content\/uploads\/2021\/01\/Muster-Widerrufsformular.pdf\" target=\"_blank\" rel=\"noopener\">Sample cancellation form as PDF download<\/a>. You can inform us of your revocation by filling in the form.<\/p><p>By post:<\/p><p>Brave Components UG (limited liability)<\/p><p>Saydaer Street 21<\/p><p>09125 Chemnitz, Germany<\/p><p>By e-mail:<\/p><p><a href=\"mailto:widerruf@bravecomponents.de\">widerruf@bravecomponents.de<\/a><\/p><p>For all important details on the revocation procedure, please refer to our <a href=\"https:\/\/bravecomponents.com\/en\/widerrufsbelehrung\/\">Cancellation policy<\/a>.<\/p>\t\t\t\t\t\t<\/div>\n\t\t\t\t<\/div>\n\t\t\t\t\t<\/div>\n\t\t<\/div>\n\t\t\t\t\t\t\t<\/div>\n\t\t<\/section>\n\t\t\t\t<section class=\"elementor-section elementor-top-section elementor-element elementor-element-4cf820d elementor-section-boxed elementor-section-height-default elementor-section-height-default\" data-id=\"4cf820d\" data-element_type=\"section\">\n\t\t\t\t\t\t<div class=\"elementor-container elementor-column-gap-default\">\n\t\t\t\t\t<div class=\"elementor-column elementor-col-50 elementor-top-column elementor-element elementor-element-904b411\" data-id=\"904b411\" data-element_type=\"column\">\n\t\t\t<div class=\"elementor-widget-wrap elementor-element-populated\">\n\t\t\t\t\t\t\t\t<div class=\"elementor-element elementor-element-8f64bfd elementor-align-right elementor-mobile-align-justify elementor-widget__width-initial elementor-widget elementor-widget-button\" data-id=\"8f64bfd\" data-element_type=\"widget\" data-widget_type=\"button.default\">\n\t\t\t\t<div class=\"elementor-widget-container\">\n\t\t\t\t\t<div class=\"elementor-button-wrapper\">\n\t\t\t<a href=\"https:\/\/bravecomponents.com\/wp-content\/uploads\/2021\/01\/Muster-Widerrufsformular.pdf\" target=\"_blank\" class=\"elementor-button-link elementor-button elementor-size-sm\" role=\"button\">\n\t\t\t\t\t\t<span class=\"elementor-button-content-wrapper\">\n\t\t\t\t\t\t<span class=\"elementor-button-text\">Cancellation form<\/span>\n\t\t<\/span>\n\t\t\t\t\t<\/a>\n\t\t<\/div>\n\t\t\t\t<\/div>\n\t\t\t\t<\/div>\n\t\t\t\t\t<\/div>\n\t\t<\/div>\n\t\t\t\t<div class=\"elementor-column elementor-col-50 elementor-top-column elementor-element elementor-element-f3fb525\" data-id=\"f3fb525\" data-element_type=\"column\">\n\t\t\t<div class=\"elementor-widget-wrap elementor-element-populated\">\n\t\t\t\t\t\t\t\t<div class=\"elementor-element elementor-element-9f11289 elementor-mobile-align-justify elementor-align-left elementor-widget__width-initial elementor-widget elementor-widget-button\" data-id=\"9f11289\" data-element_type=\"widget\" data-widget_type=\"button.default\">\n\t\t\t\t<div class=\"elementor-widget-container\">\n\t\t\t\t\t<div class=\"elementor-button-wrapper\">\n\t\t\t<a href=\"https:\/\/bravecomponents.com\/en\/widerrufsbelehrung\/\" target=\"_blank\" class=\"elementor-button-link elementor-button elementor-size-sm\" role=\"button\">\n\t\t\t\t\t\t<span class=\"elementor-button-content-wrapper\">\n\t\t\t\t\t\t<span class=\"elementor-button-text\">Cancellation policy<\/span>\n\t\t<\/span>\n\t\t\t\t\t<\/a>\n\t\t<\/div>\n\t\t\t\t<\/div>\n\t\t\t\t<\/div>\n\t\t\t\t\t<\/div>\n\t\t<\/div>\n\t\t\t\t\t\t\t<\/div>\n\t\t<\/section>\n\t\t\t\t\t\t\t<\/div>","protected":false},"excerpt":{"rendered":"<p>Cancellation form You can use the cancellation form for a cancellation, but it is not mandatory. Here you can find the model withdrawal form as a PDF download. You can use the form you have filled out to inform us of your revocation. By post: Brave Components UG (haftungsbeschr\u00e4nkt) Saydaer Stra\u00dfe 21 09125 Chemnitz, Germany By e-mail: widerruf@bravecomponents.de All important details about the revocation procedure [...]<\/p>","protected":false},"author":5,"featured_media":0,"parent":0,"menu_order":0,"comment_status":"closed","ping_status":"closed","template":"elementor_header_footer","meta":[],"yoast_head":"<!-- This site is optimized with the Yoast SEO plugin v19.6.1 - https:\/\/yoast.com\/wordpress\/plugins\/seo\/ -->\n<title>Widerruf - Brave Components<\/title>\n<meta name=\"robots\" content=\"index, follow, max-snippet:-1, max-image-preview:large, max-video-preview:-1\" \/>\n<link rel=\"canonical\" href=\"https:\/\/bravecomponents.com\/en\/widerruf\/\" \/>\n<meta property=\"og:locale\" content=\"en_GB\" \/>\n<meta property=\"og:type\" content=\"article\" \/>\n<meta property=\"og:title\" content=\"Widerruf - Brave Components\" \/>\n<meta property=\"og:description\" content=\"Widerrufsformular Sie k\u00f6nnen f\u00fcr einen Widerruf das Widerrufsformular verwenden, das jedoch nicht vorgeschrieben ist. Hier finden Sie das Musterwiderrufsformular als PDF-Download. Mit dem von Ihnen ausgef\u00fcllten Formular k\u00f6nnen Sie uns \u00fcber Ihren Widerruf informieren. Auf dem Postweg: Brave Components UG (haftungsbeschr\u00e4nkt) Saydaer Stra\u00dfe 21 09125 Chemnitz, Deutschland Per E-Mail: widerruf@bravecomponents.de Alle wichtigen Details zum Widerrufsverfahren [&hellip;]\" \/>\n<meta property=\"og:url\" content=\"https:\/\/bravecomponents.com\/en\/widerruf\/\" \/>\n<meta property=\"og:site_name\" content=\"Brave Components\" \/>\n<meta property=\"article:modified_time\" content=\"2021-07-28T08:49:09+00:00\" \/>\n<meta name=\"twitter:card\" content=\"summary_large_image\" \/>\n<meta name=\"twitter:label1\" content=\"Estimated reading time\" \/>\n\t<meta name=\"twitter:data1\" content=\"1 minute\" \/>\n<script type=\"application\/ld+json\" class=\"yoast-schema-graph\">{\"@context\":\"https:\/\/schema.org\",\"@graph\":[{\"@type\":\"WebPage\",\"@id\":\"https:\/\/bravecomponents.com\/widerruf\/\",\"url\":\"https:\/\/bravecomponents.com\/widerruf\/\",\"name\":\"Widerruf - Brave Components\",\"isPartOf\":{\"@id\":\"https:\/\/bravecomponents.com\/#website\"},\"datePublished\":\"2021-01-10T20:04:50+00:00\",\"dateModified\":\"2021-07-28T08:49:09+00:00\",\"breadcrumb\":{\"@id\":\"https:\/\/bravecomponents.com\/widerruf\/#breadcrumb\"},\"inLanguage\":\"en-GB\",\"potentialAction\":[{\"@type\":\"ReadAction\",\"target\":[\"https:\/\/bravecomponents.com\/widerruf\/\"]}]},{\"@type\":\"BreadcrumbList\",\"@id\":\"https:\/\/bravecomponents.com\/widerruf\/#breadcrumb\",\"itemListElement\":[{\"@type\":\"ListItem\",\"position\":1,\"name\":\"Startseite\",\"item\":\"https:\/\/bravecomponents.com\/\"},{\"@type\":\"ListItem\",\"position\":2,\"name\":\"Widerruf\"}]},{\"@type\":\"WebSite\",\"@id\":\"https:\/\/bravecomponents.com\/#website\",\"url\":\"https:\/\/bravecomponents.com\/\",\"name\":\"Brave Components\",\"description\":\"\",\"publisher\":{\"@id\":\"https:\/\/bravecomponents.com\/#organization\"},\"potentialAction\":[{\"@type\":\"SearchAction\",\"target\":{\"@type\":\"EntryPoint\",\"urlTemplate\":\"https:\/\/bravecomponents.com\/?s={search_term_string}\"},\"query-input\":\"required name=search_term_string\"}],\"inLanguage\":\"en-GB\"},{\"@type\":\"Organization\",\"@id\":\"https:\/\/bravecomponents.com\/#organization\",\"name\":\"Brave Components\",\"url\":\"https:\/\/bravecomponents.com\/\",\"sameAs\":[],\"logo\":{\"@type\":\"ImageObject\",\"inLanguage\":\"en-GB\",\"@id\":\"https:\/\/bravecomponents.com\/#\/schema\/logo\/image\/\",\"url\":\"https:\/\/bravecomponents.com\/wp-content\/uploads\/2021\/01\/Icon_Brave1.png\",\"contentUrl\":\"https:\/\/bravecomponents.com\/wp-content\/uploads\/2021\/01\/Icon_Brave1.png\",\"width\":120,\"height\":120,\"caption\":\"Brave Components\"},\"image\":{\"@id\":\"https:\/\/bravecomponents.com\/#\/schema\/logo\/image\/\"}}]}<\/script>\n<!-- \/ Yoast SEO plugin. -->","yoast_head_json":{"title":"Widerruf - Brave Components","robots":{"index":"index","follow":"follow","max-snippet":"max-snippet:-1","max-image-preview":"max-image-preview:large","max-video-preview":"max-video-preview:-1"},"canonical":"https:\/\/bravecomponents.com\/en\/widerruf\/","og_locale":"en_GB","og_type":"article","og_title":"Widerruf - Brave Components","og_description":"Widerrufsformular Sie k\u00f6nnen f\u00fcr einen Widerruf das Widerrufsformular verwenden, das jedoch nicht vorgeschrieben ist. Hier finden Sie das Musterwiderrufsformular als PDF-Download. Mit dem von Ihnen ausgef\u00fcllten Formular k\u00f6nnen Sie uns \u00fcber Ihren Widerruf informieren. Auf dem Postweg: Brave Components UG (haftungsbeschr\u00e4nkt) Saydaer Stra\u00dfe 21 09125 Chemnitz, Deutschland Per E-Mail: widerruf@bravecomponents.de Alle wichtigen Details zum Widerrufsverfahren [&hellip;]","og_url":"https:\/\/bravecomponents.com\/en\/widerruf\/","og_site_name":"Brave Components","article_modified_time":"2021-07-28T08:49:09+00:00","twitter_card":"summary_large_image","twitter_misc":{"Estimated reading time":"1 minute"},"schema":{"@context":"https:\/\/schema.org","@graph":[{"@type":"WebPage","@id":"https:\/\/bravecomponents.com\/widerruf\/","url":"https:\/\/bravecomponents.com\/widerruf\/","name":"Widerruf - Brave Components","isPartOf":{"@id":"https:\/\/bravecomponents.com\/#website"},"datePublished":"2021-01-10T20:04:50+00:00","dateModified":"2021-07-28T08:49:09+00:00","breadcrumb":{"@id":"https:\/\/bravecomponents.com\/widerruf\/#breadcrumb"},"inLanguage":"en-GB","potentialAction":[{"@type":"ReadAction","target":["https:\/\/bravecomponents.com\/widerruf\/"]}]},{"@type":"BreadcrumbList","@id":"https:\/\/bravecomponents.com\/widerruf\/#breadcrumb","itemListElement":[{"@type":"ListItem","position":1,"name":"Startseite","item":"https:\/\/bravecomponents.com\/"},{"@type":"ListItem","position":2,"name":"Widerruf"}]},{"@type":"WebSite","@id":"https:\/\/bravecomponents.com\/#website","url":"https:\/\/bravecomponents.com\/","name":"Brave Components","description":"","publisher":{"@id":"https:\/\/bravecomponents.com\/#organization"},"potentialAction":[{"@type":"SearchAction","target":{"@type":"EntryPoint","urlTemplate":"https:\/\/bravecomponents.com\/?s={search_term_string}"},"query-input":"required name=search_term_string"}],"inLanguage":"en-GB"},{"@type":"Organization","@id":"https:\/\/bravecomponents.com\/#organization","name":"Brave Components","url":"https:\/\/bravecomponents.com\/","sameAs":[],"logo":{"@type":"ImageObject","inLanguage":"en-GB","@id":"https:\/\/bravecomponents.com\/#\/schema\/logo\/image\/","url":"https:\/\/bravecomponents.com\/wp-content\/uploads\/2021\/01\/Icon_Brave1.png","contentUrl":"https:\/\/bravecomponents.com\/wp-content\/uploads\/2021\/01\/Icon_Brave1.png","width":120,"height":120,"caption":"Brave Components"},"image":{"@id":"https:\/\/bravecomponents.com\/#\/schema\/logo\/image\/"}}]}},"_links":{"self":[{"href":"https:\/\/bravecomponents.com\/en\/wp-json\/wp\/v2\/pages\/9132"}],"collection":[{"href":"https:\/\/bravecomponents.com\/en\/wp-json\/wp\/v2\/pages"}],"about":[{"href":"https:\/\/bravecomponents.com\/en\/wp-json\/wp\/v2\/types\/page"}],"author":[{"embeddable":true,"href":"https:\/\/bravecomponents.com\/en\/wp-json\/wp\/v2\/users\/5"}],"replies":[{"embeddable":true,"href":"https:\/\/bravecomponents.com\/en\/wp-json\/wp\/v2\/comments?post=9132"}],"version-history":[{"count":34,"href":"https:\/\/bravecomponents.com\/en\/wp-json\/wp\/v2\/pages\/9132\/revisions"}],"predecessor-version":[{"id":10496,"href":"https:\/\/bravecomponents.com\/en\/wp-json\/wp\/v2\/pages\/9132\/revisions\/10496"}],"wp:attachment":[{"href":"https:\/\/bravecomponents.com\/en\/wp-json\/wp\/v2\/media?parent=9132"}],"curies":[{"name":"wp","href":"https:\/\/api.w.org\/{rel}","templated":true}]}}