{"id":9278,"date":"2021-01-26T15:17:00","date_gmt":"2021-01-26T14:17:00","guid":{"rendered":"https:\/\/bravecomponents.de\/?page_id=9278"},"modified":"2021-07-28T09:50:20","modified_gmt":"2021-07-28T08:50:20","slug":"widerrufsbelehrung","status":"publish","type":"page","link":"https:\/\/bravecomponents.com\/en\/widerrufsbelehrung\/","title":{"rendered":"Cancellation policy"},"content":{"rendered":"<div data-elementor-type=\"wp-page\" data-elementor-id=\"9278\" class=\"elementor elementor-9278\">\n\t\t\t\t\t\t\t\t\t<section class=\"elementor-section elementor-top-section elementor-element elementor-element-3b84f12 elementor-section-boxed elementor-section-height-default elementor-section-height-default\" data-id=\"3b84f12\" data-element_type=\"section\">\n\t\t\t\t\t\t<div class=\"elementor-container elementor-column-gap-default\">\n\t\t\t\t\t<div class=\"elementor-column elementor-col-100 elementor-top-column elementor-element elementor-element-e8fd595\" data-id=\"e8fd595\" data-element_type=\"column\">\n\t\t\t<div class=\"elementor-widget-wrap elementor-element-populated\">\n\t\t\t\t\t\t\t\t<div class=\"elementor-element elementor-element-ac1aeaf elementor-widget elementor-widget-spacer\" data-id=\"ac1aeaf\" data-element_type=\"widget\" data-widget_type=\"spacer.default\">\n\t\t\t\t<div class=\"elementor-widget-container\">\n\t\t\t<style>\/*! elementor - v3.7.4 - 31-08-2022 *\/\n.elementor-column .elementor-spacer-inner{height:var(--spacer-size)}.e-container{--container-widget-width:100%}.e-container>.elementor-widget-spacer{width:var(--container-widget-width,var(--spacer-size));-ms-flex-item-align:stretch;align-self:stretch;-ms-flex-negative:0;flex-shrink:0}.e-container>.elementor-widget-spacer>.elementor-widget-container,.e-container>.elementor-widget-spacer>.elementor-widget-container>.elementor-spacer{height:100%}.e-container>.elementor-widget-spacer>.elementor-widget-container>.elementor-spacer>.elementor-spacer-inner{height:var(--container-widget-height,var(--spacer-size))}<\/style>\t\t<div class=\"elementor-spacer\">\n\t\t\t<div class=\"elementor-spacer-inner\"><\/div>\n\t\t<\/div>\n\t\t\t\t<\/div>\n\t\t\t\t<\/div>\n\t\t\t\t<div class=\"elementor-element elementor-element-8518198 elementor-widget elementor-widget-text-editor\" data-id=\"8518198\" data-element_type=\"widget\" data-widget_type=\"text-editor.default\">\n\t\t\t\t<div class=\"elementor-widget-container\">\n\t\t\t<style>\/*! elementor - v3.7.4 - 31-08-2022 *\/\n.elementor-widget-text-editor.elementor-drop-cap-view-stacked .elementor-drop-cap{background-color:#818a91;color:#fff}.elementor-widget-text-editor.elementor-drop-cap-view-framed .elementor-drop-cap{color:#818a91;border:3px solid;background-color:transparent}.elementor-widget-text-editor:not(.elementor-drop-cap-view-default) .elementor-drop-cap{margin-top:8px}.elementor-widget-text-editor:not(.elementor-drop-cap-view-default) .elementor-drop-cap-letter{width:1em;height:1em}.elementor-widget-text-editor .elementor-drop-cap{float:left;text-align:center;line-height:1;font-size:50px}.elementor-widget-text-editor .elementor-drop-cap-letter{display:inline-block}<\/style>\t\t\t\t<p><strong><span style=\"font-family: 'Calibri',sans-serif; mso-ascii-theme-font: minor-latin; mso-hansi-theme-font: minor-latin; mso-bidi-font-family: 'Times New Roman'; mso-bidi-theme-font: minor-bidi;\">Right of withdrawal<\/span><\/strong><\/p><p>You have the right to cancel this contract within fourteen days without giving any reason.<\/p><p>The withdrawal period is fourteen days from the day on which you or a third party named by you, who is not the carrier, have taken or has taken possession of the goods.<\/p><p>To exercise your right of withdrawal, you must contact us:<\/p><p>Address:\u00a0 \u00a0 \u00a0<\/p><p style=\"padding-left: 40px;\">Brave Components UG (limited liability)<\/p><p style=\"padding-left: 40px;\">Saydaer Street 21<\/p><p style=\"padding-left: 40px;\">09125 Chemnitz<\/p><p>Phone:<\/p><p style=\"padding-left: 40px;\">+49 371 560 089 70<\/p><p>E-mail:<\/p><p style=\"padding-left: 40px;\"><a href=\"mailto:widerruf@bravecomponents.de\">widerruf@bravecomponents.de<\/a><\/p><p>by means of a clear declaration (e.g. a letter or e-mail sent by post) of your decision to revoke this contract. You can use the <a href=\"https:\/\/bravecomponents.com\/wp-content\/uploads\/2021\/01\/Muster-Widerrufsformular.pdf\" target=\"_blank\" rel=\"noopener\">Sample cancellation form as PDF download<\/a><b> <\/b>which, however, is not mandatory.<\/p><p>To comply with the cancellation period, it is sufficient that you send the notification of the exercise of the right of cancellation before the end of the cancellation period.<\/p><p><strong><span style=\"font-family: 'Calibri',sans-serif; mso-ascii-theme-font: minor-latin; mso-hansi-theme-font: minor-latin; mso-bidi-font-family: 'Times New Roman'; mso-bidi-theme-font: minor-bidi;\">Consequences of revocation<\/span><\/strong><\/p><p>If you withdraw from this contract, we must repay you all payments that we have received from you, including the delivery costs (with the exception of the additional costs resulting from the fact that you have chosen a type of delivery other than the cheapest standard delivery offered by us), without delay and at the latest within fourteen days from the day on which we received the notification of your withdrawal from this contract. For this repayment, we will use the same means of payment that you used for the original transaction, unless expressly agreed otherwise with you; in no case will you be charged for this repayment. We may refuse repayment until we have received the goods back or until you have provided proof that you have returned the goods, whichever is the earlier.<\/p><p>You must return or hand over the goods to Brave Components UG (haftungsbeschr\u00e4nkt), Saydaer Stra\u00dfe 21, 09125 Chemnitz, Germany, without delay and in any case no later than fourteen days from the day on which you notify us of the cancellation of this contract. The deadline is met if you send the goods before the expiry of the period of fourteen days.<\/p><p>You shall bear the direct costs of returning the goods.<\/p><p>You only have to pay for any loss in value of the goods if this loss in value is due to handling of the goods that is not necessary for testing the quality, characteristics and functioning of the goods.<\/p>\t\t\t\t\t\t<\/div>\n\t\t\t\t<\/div>\n\t\t\t\t\t<\/div>\n\t\t<\/div>\n\t\t\t\t\t\t\t<\/div>\n\t\t<\/section>\n\t\t\t\t<section class=\"elementor-section elementor-top-section elementor-element elementor-element-a81d9e6 elementor-section-boxed elementor-section-height-default elementor-section-height-default\" data-id=\"a81d9e6\" data-element_type=\"section\">\n\t\t\t\t\t\t<div class=\"elementor-container elementor-column-gap-default\">\n\t\t\t\t\t<div class=\"elementor-column elementor-col-100 elementor-top-column elementor-element elementor-element-086791c\" data-id=\"086791c\" data-element_type=\"column\">\n\t\t\t<div class=\"elementor-widget-wrap elementor-element-populated\">\n\t\t\t\t\t\t\t\t<div class=\"elementor-element elementor-element-c674adb elementor-align-center elementor-widget elementor-widget-button\" data-id=\"c674adb\" data-element_type=\"widget\" data-widget_type=\"button.default\">\n\t\t\t\t<div class=\"elementor-widget-container\">\n\t\t\t\t\t<div class=\"elementor-button-wrapper\">\n\t\t\t<a href=\"https:\/\/bravecomponents.comwp-content\/uploads\/2021\/01\/Muster-Widerrufsformular.pdf\" target=\"_blank\" class=\"elementor-button-link elementor-button elementor-size-sm\" role=\"button\">\n\t\t\t\t\t\t<span class=\"elementor-button-content-wrapper\">\n\t\t\t\t\t\t<span class=\"elementor-button-text\">Cancellation form<\/span>\n\t\t<\/span>\n\t\t\t\t\t<\/a>\n\t\t<\/div>\n\t\t\t\t<\/div>\n\t\t\t\t<\/div>\n\t\t\t\t\t<\/div>\n\t\t<\/div>\n\t\t\t\t\t\t\t<\/div>\n\t\t<\/section>\n\t\t\t\t\t\t\t<\/div>","protected":false},"excerpt":{"rendered":"<p>Right of cancellation You have the right to cancel this contract within fourteen days without giving any reason. The cancellation period is fourteen days from the day on which you or a third party named by you, who is not the carrier, have taken possession of the goods. To exercise your right of cancellation, you must contact us at: Address:    [...]<\/p>","protected":false},"author":5,"featured_media":0,"parent":0,"menu_order":0,"comment_status":"closed","ping_status":"closed","template":"elementor_header_footer","meta":[],"yoast_head":"<!-- This site is optimized with the Yoast SEO plugin v19.6.1 - https:\/\/yoast.com\/wordpress\/plugins\/seo\/ -->\n<title>Widerrufsbelehrung - Brave Components<\/title>\n<meta name=\"robots\" content=\"index, follow, max-snippet:-1, max-image-preview:large, max-video-preview:-1\" \/>\n<link rel=\"canonical\" href=\"https:\/\/bravecomponents.com\/en\/widerrufsbelehrung\/\" \/>\n<meta property=\"og:locale\" content=\"en_GB\" \/>\n<meta property=\"og:type\" content=\"article\" \/>\n<meta property=\"og:title\" content=\"Widerrufsbelehrung - Brave Components\" \/>\n<meta property=\"og:description\" content=\"Widerrufsrecht Sie haben das Recht, binnen vierzehn Tagen ohne Angabe von Gr\u00fcnden diesen Vertrag zu widerrufen. Die Widerrufsfrist betr\u00e4gt vierzehn Tage ab dem Tag an dem Sie oder ein von Ihnen benannter Dritter, der nicht der Bef\u00f6rderer ist, die Waren in Besitz genommen haben bzw. hat. Um Ihr Widerrufsrecht auszu\u00fcben, m\u00fcssen Sie uns: Adresse:\u00a0 \u00a0 [&hellip;]\" \/>\n<meta property=\"og:url\" content=\"https:\/\/bravecomponents.com\/en\/widerrufsbelehrung\/\" \/>\n<meta property=\"og:site_name\" content=\"Brave Components\" \/>\n<meta property=\"article:modified_time\" content=\"2021-07-28T08:50:20+00:00\" \/>\n<meta name=\"twitter:card\" content=\"summary_large_image\" \/>\n<meta name=\"twitter:label1\" content=\"Estimated reading time\" \/>\n\t<meta name=\"twitter:data1\" content=\"2 minutes\" \/>\n<script type=\"application\/ld+json\" class=\"yoast-schema-graph\">{\"@context\":\"https:\/\/schema.org\",\"@graph\":[{\"@type\":\"WebPage\",\"@id\":\"https:\/\/bravecomponents.com\/widerrufsbelehrung\/\",\"url\":\"https:\/\/bravecomponents.com\/widerrufsbelehrung\/\",\"name\":\"Widerrufsbelehrung - Brave Components\",\"isPartOf\":{\"@id\":\"https:\/\/bravecomponents.com\/#website\"},\"datePublished\":\"2021-01-26T14:17:00+00:00\",\"dateModified\":\"2021-07-28T08:50:20+00:00\",\"breadcrumb\":{\"@id\":\"https:\/\/bravecomponents.com\/widerrufsbelehrung\/#breadcrumb\"},\"inLanguage\":\"en-GB\",\"potentialAction\":[{\"@type\":\"ReadAction\",\"target\":[\"https:\/\/bravecomponents.com\/widerrufsbelehrung\/\"]}]},{\"@type\":\"BreadcrumbList\",\"@id\":\"https:\/\/bravecomponents.com\/widerrufsbelehrung\/#breadcrumb\",\"itemListElement\":[{\"@type\":\"ListItem\",\"position\":1,\"name\":\"Startseite\",\"item\":\"https:\/\/bravecomponents.com\/\"},{\"@type\":\"ListItem\",\"position\":2,\"name\":\"Widerrufsbelehrung\"}]},{\"@type\":\"WebSite\",\"@id\":\"https:\/\/bravecomponents.com\/#website\",\"url\":\"https:\/\/bravecomponents.com\/\",\"name\":\"Brave Components\",\"description\":\"\",\"publisher\":{\"@id\":\"https:\/\/bravecomponents.com\/#organization\"},\"potentialAction\":[{\"@type\":\"SearchAction\",\"target\":{\"@type\":\"EntryPoint\",\"urlTemplate\":\"https:\/\/bravecomponents.com\/?s={search_term_string}\"},\"query-input\":\"required name=search_term_string\"}],\"inLanguage\":\"en-GB\"},{\"@type\":\"Organization\",\"@id\":\"https:\/\/bravecomponents.com\/#organization\",\"name\":\"Brave Components\",\"url\":\"https:\/\/bravecomponents.com\/\",\"sameAs\":[],\"logo\":{\"@type\":\"ImageObject\",\"inLanguage\":\"en-GB\",\"@id\":\"https:\/\/bravecomponents.com\/#\/schema\/logo\/image\/\",\"url\":\"https:\/\/bravecomponents.com\/wp-content\/uploads\/2021\/01\/Icon_Brave1.png\",\"contentUrl\":\"https:\/\/bravecomponents.com\/wp-content\/uploads\/2021\/01\/Icon_Brave1.png\",\"width\":120,\"height\":120,\"caption\":\"Brave Components\"},\"image\":{\"@id\":\"https:\/\/bravecomponents.com\/#\/schema\/logo\/image\/\"}}]}<\/script>\n<!-- \/ Yoast SEO plugin. -->","yoast_head_json":{"title":"Widerrufsbelehrung - Brave Components","robots":{"index":"index","follow":"follow","max-snippet":"max-snippet:-1","max-image-preview":"max-image-preview:large","max-video-preview":"max-video-preview:-1"},"canonical":"https:\/\/bravecomponents.com\/en\/widerrufsbelehrung\/","og_locale":"en_GB","og_type":"article","og_title":"Widerrufsbelehrung - Brave Components","og_description":"Widerrufsrecht Sie haben das Recht, binnen vierzehn Tagen ohne Angabe von Gr\u00fcnden diesen Vertrag zu widerrufen. Die Widerrufsfrist betr\u00e4gt vierzehn Tage ab dem Tag an dem Sie oder ein von Ihnen benannter Dritter, der nicht der Bef\u00f6rderer ist, die Waren in Besitz genommen haben bzw. hat. Um Ihr Widerrufsrecht auszu\u00fcben, m\u00fcssen Sie uns: Adresse:\u00a0 \u00a0 [&hellip;]","og_url":"https:\/\/bravecomponents.com\/en\/widerrufsbelehrung\/","og_site_name":"Brave Components","article_modified_time":"2021-07-28T08:50:20+00:00","twitter_card":"summary_large_image","twitter_misc":{"Estimated reading time":"2 minutes"},"schema":{"@context":"https:\/\/schema.org","@graph":[{"@type":"WebPage","@id":"https:\/\/bravecomponents.com\/widerrufsbelehrung\/","url":"https:\/\/bravecomponents.com\/widerrufsbelehrung\/","name":"Widerrufsbelehrung - Brave Components","isPartOf":{"@id":"https:\/\/bravecomponents.com\/#website"},"datePublished":"2021-01-26T14:17:00+00:00","dateModified":"2021-07-28T08:50:20+00:00","breadcrumb":{"@id":"https:\/\/bravecomponents.com\/widerrufsbelehrung\/#breadcrumb"},"inLanguage":"en-GB","potentialAction":[{"@type":"ReadAction","target":["https:\/\/bravecomponents.com\/widerrufsbelehrung\/"]}]},{"@type":"BreadcrumbList","@id":"https:\/\/bravecomponents.com\/widerrufsbelehrung\/#breadcrumb","itemListElement":[{"@type":"ListItem","position":1,"name":"Startseite","item":"https:\/\/bravecomponents.com\/"},{"@type":"ListItem","position":2,"name":"Widerrufsbelehrung"}]},{"@type":"WebSite","@id":"https:\/\/bravecomponents.com\/#website","url":"https:\/\/bravecomponents.com\/","name":"Brave Components","description":"","publisher":{"@id":"https:\/\/bravecomponents.com\/#organization"},"potentialAction":[{"@type":"SearchAction","target":{"@type":"EntryPoint","urlTemplate":"https:\/\/bravecomponents.com\/?s={search_term_string}"},"query-input":"required name=search_term_string"}],"inLanguage":"en-GB"},{"@type":"Organization","@id":"https:\/\/bravecomponents.com\/#organization","name":"Brave Components","url":"https:\/\/bravecomponents.com\/","sameAs":[],"logo":{"@type":"ImageObject","inLanguage":"en-GB","@id":"https:\/\/bravecomponents.com\/#\/schema\/logo\/image\/","url":"https:\/\/bravecomponents.com\/wp-content\/uploads\/2021\/01\/Icon_Brave1.png","contentUrl":"https:\/\/bravecomponents.com\/wp-content\/uploads\/2021\/01\/Icon_Brave1.png","width":120,"height":120,"caption":"Brave Components"},"image":{"@id":"https:\/\/bravecomponents.com\/#\/schema\/logo\/image\/"}}]}},"_links":{"self":[{"href":"https:\/\/bravecomponents.com\/en\/wp-json\/wp\/v2\/pages\/9278"}],"collection":[{"href":"https:\/\/bravecomponents.com\/en\/wp-json\/wp\/v2\/pages"}],"about":[{"href":"https:\/\/bravecomponents.com\/en\/wp-json\/wp\/v2\/types\/page"}],"author":[{"embeddable":true,"href":"https:\/\/bravecomponents.com\/en\/wp-json\/wp\/v2\/users\/5"}],"replies":[{"embeddable":true,"href":"https:\/\/bravecomponents.com\/en\/wp-json\/wp\/v2\/comments?post=9278"}],"version-history":[{"count":25,"href":"https:\/\/bravecomponents.com\/en\/wp-json\/wp\/v2\/pages\/9278\/revisions"}],"predecessor-version":[{"id":10499,"href":"https:\/\/bravecomponents.com\/en\/wp-json\/wp\/v2\/pages\/9278\/revisions\/10499"}],"wp:attachment":[{"href":"https:\/\/bravecomponents.com\/en\/wp-json\/wp\/v2\/media?parent=9278"}],"curies":[{"name":"wp","href":"https:\/\/api.w.org\/{rel}","templated":true}]}}