{"id":9379,"date":"2021-01-26T19:45:03","date_gmt":"2021-01-26T18:45:03","guid":{"rendered":"https:\/\/bravecomponents.de\/?page_id=9379"},"modified":"2021-04-12T20:57:18","modified_gmt":"2021-04-12T19:57:18","slug":"prolog","status":"publish","type":"page","link":"https:\/\/bravecomponents.com\/en\/prolog\/","title":{"rendered":"Prologue"},"content":{"rendered":"<div data-elementor-type=\"wp-page\" data-elementor-id=\"9379\" class=\"elementor elementor-9379\">\n\t\t\t\t\t\t\t\t\t<section class=\"elementor-section elementor-top-section elementor-element elementor-element-33b29837 elementor-section-height-min-height elementor-section-boxed elementor-section-height-default elementor-section-items-middle\" data-id=\"33b29837\" data-element_type=\"section\" data-settings=\"{&quot;background_background&quot;:&quot;classic&quot;}\">\n\t\t\t\t\t\t\t<div class=\"elementor-background-overlay\"><\/div>\n\t\t\t\t\t\t\t<div class=\"elementor-container elementor-column-gap-default\">\n\t\t\t\t\t<div class=\"elementor-column elementor-col-100 elementor-top-column elementor-element elementor-element-7cdf1ad\" data-id=\"7cdf1ad\" data-element_type=\"column\">\n\t\t\t<div class=\"elementor-widget-wrap elementor-element-populated\">\n\t\t\t\t\t\t\t\t<div class=\"elementor-element elementor-element-6464aca7 elementor-widget elementor-widget-heading\" data-id=\"6464aca7\" data-element_type=\"widget\" data-widget_type=\"heading.default\">\n\t\t\t\t<div class=\"elementor-widget-container\">\n\t\t\t<style>\/*! elementor - v3.7.4 - 31-08-2022 *\/\n.elementor-heading-title{padding:0;margin:0;line-height:1}.elementor-widget-heading .elementor-heading-title[class*=elementor-size-]>a{color:inherit;font-size:inherit;line-height:inherit}.elementor-widget-heading .elementor-heading-title.elementor-size-small{font-size:15px}.elementor-widget-heading .elementor-heading-title.elementor-size-medium{font-size:19px}.elementor-widget-heading .elementor-heading-title.elementor-size-large{font-size:29px}.elementor-widget-heading .elementor-heading-title.elementor-size-xl{font-size:39px}.elementor-widget-heading .elementor-heading-title.elementor-size-xxl{font-size:59px}<\/style><h2 class=\"elementor-heading-title elementor-size-default\">Prologue<\/h2>\t\t<\/div>\n\t\t\t\t<\/div>\n\t\t\t\t\t<\/div>\n\t\t<\/div>\n\t\t\t\t\t\t\t<\/div>\n\t\t<\/section>\n\t\t\t\t<section class=\"elementor-section elementor-top-section elementor-element elementor-element-d6819f0 elementor-section-boxed elementor-section-height-default elementor-section-height-default\" data-id=\"d6819f0\" data-element_type=\"section\">\n\t\t\t\t\t\t<div class=\"elementor-container elementor-column-gap-default\">\n\t\t\t\t\t<div class=\"elementor-column elementor-col-100 elementor-top-column elementor-element elementor-element-2bb8b0a\" data-id=\"2bb8b0a\" data-element_type=\"column\">\n\t\t\t<div class=\"elementor-widget-wrap elementor-element-populated\">\n\t\t\t\t\t\t\t\t<div class=\"elementor-element elementor-element-80f5894 elementor-widget elementor-widget-spacer\" data-id=\"80f5894\" data-element_type=\"widget\" data-widget_type=\"spacer.default\">\n\t\t\t\t<div class=\"elementor-widget-container\">\n\t\t\t<style>\/*! elementor - v3.7.4 - 31-08-2022 *\/\n.elementor-column .elementor-spacer-inner{height:var(--spacer-size)}.e-container{--container-widget-width:100%}.e-container>.elementor-widget-spacer{width:var(--container-widget-width,var(--spacer-size));-ms-flex-item-align:stretch;align-self:stretch;-ms-flex-negative:0;flex-shrink:0}.e-container>.elementor-widget-spacer>.elementor-widget-container,.e-container>.elementor-widget-spacer>.elementor-widget-container>.elementor-spacer{height:100%}.e-container>.elementor-widget-spacer>.elementor-widget-container>.elementor-spacer>.elementor-spacer-inner{height:var(--container-widget-height,var(--spacer-size))}<\/style>\t\t<div class=\"elementor-spacer\">\n\t\t\t<div class=\"elementor-spacer-inner\"><\/div>\n\t\t<\/div>\n\t\t\t\t<\/div>\n\t\t\t\t<\/div>\n\t\t\t\t<div class=\"elementor-element elementor-element-e1abea3 elementor-widget elementor-widget-text-editor\" data-id=\"e1abea3\" data-element_type=\"widget\" data-widget_type=\"text-editor.default\">\n\t\t\t\t<div class=\"elementor-widget-container\">\n\t\t\t<style>\/*! elementor - v3.7.4 - 31-08-2022 *\/\n.elementor-widget-text-editor.elementor-drop-cap-view-stacked .elementor-drop-cap{background-color:#818a91;color:#fff}.elementor-widget-text-editor.elementor-drop-cap-view-framed .elementor-drop-cap{color:#818a91;border:3px solid;background-color:transparent}.elementor-widget-text-editor:not(.elementor-drop-cap-view-default) .elementor-drop-cap{margin-top:8px}.elementor-widget-text-editor:not(.elementor-drop-cap-view-default) .elementor-drop-cap-letter{width:1em;height:1em}.elementor-widget-text-editor .elementor-drop-cap{float:left;text-align:center;line-height:1;font-size:50px}.elementor-widget-text-editor .elementor-drop-cap-letter{display:inline-block}<\/style>\t\t\t\t<p class=\"MsoNoSpacing\"><b>We give opportunities.<\/b><\/p>\n<p class=\"MsoNoSpacing\">We believe in the potential of innovative products to improve lives.<\/p>\n<p class=\"MsoNoSpacing\">It is our drive to find such products or to develop them ourselves.<\/p>\n<p class=\"MsoNoSpacing\">We want to bring people forward in their actions and their personality in a sustainable way.<\/p>\n<p class=\"MsoNoSpacing\">\n<\/p><p class=\"MsoNoSpacing\"><b>1TP10Specialisation<\/b><\/p>\n<p class=\"MsoNoSpacing\">We develop and distribute products in the segment of active and sports chairs.<\/p>\n<p class=\"MsoNoSpacing\">The products available from us are among the absolute benchmark products in their respective categories worldwide.<\/p>\n<p class=\"MsoNoSpacing\">We have deliberately specialised in all components of the drive wheel.<\/p>\n<p class=\"MsoNoSpacing\">Only through specialisation is it possible to accumulate the necessary know-how to select the best components in each case - and where necessary, to create them ourselves.<\/p>\n<p class=\"MsoNoSpacing\">We are the point of contact when it comes to selecting or putting together the best possible product exactly according to our customers' requirements.<\/p>\n<p class=\"MsoNoSpacing\">Regardless of whether it is a complete wheel or its individual components.<\/p>\n<p class=\"MsoNoSpacing\">\n<\/p><p class=\"MsoNoSpacing\"><b>#cooperation<\/b><\/p>\n<p class=\"MsoNoSpacing\">We work in close friendship with manufacturers, wheelchair athletes and sports clubs as well as rehabilitation centres. We can therefore draw on many years of experience.<\/p>\n<p class=\"MsoNoSpacing\">Due to the proximity to our customers and partners, we get direct and unfiltered feedback on products and current trends and can react quickly.<\/p>\n<p class=\"MsoNoSpacing\">\n<\/p><p class=\"MsoNoSpacing\"><b>#empoweringinnovation<\/b><\/p>\n<p class=\"MsoNoSpacing\">This experience is paired with our technical know-how and our unrelenting drive not to simply accept existing limits and to constantly develop products further.<\/p>\n<p class=\"MsoNoSpacing\">Our core criteria here are always maximum function and durability with minimum weight, coupled with outstanding aesthetics.<\/p>\n<p class=\"MsoNoSpacing\">\n<\/p><p class=\"MsoNoSpacing\"><b>#empoweringyou<\/b><\/p>\n<p class=\"MsoNoSpacing\">What comes out of it:<\/p>\n<p class=\"MsoNoSpacing\">Innovative products that serve only one purpose: to give you the opportunity to develop your full potential.<\/p>\t\t\t\t\t\t<\/div>\n\t\t\t\t<\/div>\n\t\t\t\t\t<\/div>\n\t\t<\/div>\n\t\t\t\t\t\t\t<\/div>\n\t\t<\/section>\n\t\t\t\t\t\t\t<\/div>","protected":false},"excerpt":{"rendered":"<p>Prologue We give opportunities. We believe in the potential of innovative products to improve lives. It is our drive to find such products or to develop them ourselves. We want to bring people forward in their actions and their personality in a sustainable way. 1TP10Specialisation We develop and distribute products in the segment of active and sports chairs. The products available from us [...]<\/p>","protected":false},"author":5,"featured_media":0,"parent":0,"menu_order":0,"comment_status":"closed","ping_status":"closed","template":"","meta":[],"yoast_head":"<!-- This site is optimized with the Yoast SEO plugin v19.6.1 - https:\/\/yoast.com\/wordpress\/plugins\/seo\/ -->\n<title>Prolog - Brave Components<\/title>\n<meta name=\"robots\" content=\"index, follow, max-snippet:-1, max-image-preview:large, max-video-preview:-1\" \/>\n<link rel=\"canonical\" href=\"https:\/\/bravecomponents.com\/en\/prolog\/\" \/>\n<meta property=\"og:locale\" content=\"en_GB\" \/>\n<meta property=\"og:type\" content=\"article\" \/>\n<meta property=\"og:title\" content=\"Prolog - Brave Components\" \/>\n<meta property=\"og:description\" content=\"Prolog Wir schenken M\u00f6glichkeiten. Wir glauben an das Potential innovativer Produkte, das Leben zu verbessern. Es ist unser Antrieb, solche Produkte zu finden oder zu selbst entwickeln. Wir wollen Menschen dadurch nachhaltig in ihrem Tun und ihrer Pers\u00f6nlichkeit voranbringen. #spezialisierung Wir entwickeln und vertreiben Produkte im Segment der Aktiv- und Sportollst\u00fchle. Die bei uns erh\u00e4tlichen [&hellip;]\" \/>\n<meta property=\"og:url\" content=\"https:\/\/bravecomponents.com\/en\/prolog\/\" \/>\n<meta property=\"og:site_name\" content=\"Brave Components\" \/>\n<meta property=\"article:modified_time\" content=\"2021-04-12T19:57:18+00:00\" \/>\n<meta name=\"twitter:card\" content=\"summary_large_image\" \/>\n<meta name=\"twitter:label1\" content=\"Estimated reading time\" \/>\n\t<meta name=\"twitter:data1\" content=\"2 minutes\" \/>\n<script type=\"application\/ld+json\" class=\"yoast-schema-graph\">{\"@context\":\"https:\/\/schema.org\",\"@graph\":[{\"@type\":\"WebPage\",\"@id\":\"https:\/\/bravecomponents.com\/prolog\/\",\"url\":\"https:\/\/bravecomponents.com\/prolog\/\",\"name\":\"Prolog - Brave Components\",\"isPartOf\":{\"@id\":\"https:\/\/bravecomponents.com\/#website\"},\"datePublished\":\"2021-01-26T18:45:03+00:00\",\"dateModified\":\"2021-04-12T19:57:18+00:00\",\"breadcrumb\":{\"@id\":\"https:\/\/bravecomponents.com\/prolog\/#breadcrumb\"},\"inLanguage\":\"en-GB\",\"potentialAction\":[{\"@type\":\"ReadAction\",\"target\":[\"https:\/\/bravecomponents.com\/prolog\/\"]}]},{\"@type\":\"BreadcrumbList\",\"@id\":\"https:\/\/bravecomponents.com\/prolog\/#breadcrumb\",\"itemListElement\":[{\"@type\":\"ListItem\",\"position\":1,\"name\":\"Startseite\",\"item\":\"https:\/\/bravecomponents.com\/\"},{\"@type\":\"ListItem\",\"position\":2,\"name\":\"Prolog\"}]},{\"@type\":\"WebSite\",\"@id\":\"https:\/\/bravecomponents.com\/#website\",\"url\":\"https:\/\/bravecomponents.com\/\",\"name\":\"Brave Components\",\"description\":\"\",\"publisher\":{\"@id\":\"https:\/\/bravecomponents.com\/#organization\"},\"potentialAction\":[{\"@type\":\"SearchAction\",\"target\":{\"@type\":\"EntryPoint\",\"urlTemplate\":\"https:\/\/bravecomponents.com\/?s={search_term_string}\"},\"query-input\":\"required name=search_term_string\"}],\"inLanguage\":\"en-GB\"},{\"@type\":\"Organization\",\"@id\":\"https:\/\/bravecomponents.com\/#organization\",\"name\":\"Brave Components\",\"url\":\"https:\/\/bravecomponents.com\/\",\"sameAs\":[],\"logo\":{\"@type\":\"ImageObject\",\"inLanguage\":\"en-GB\",\"@id\":\"https:\/\/bravecomponents.com\/#\/schema\/logo\/image\/\",\"url\":\"https:\/\/bravecomponents.com\/wp-content\/uploads\/2021\/01\/Icon_Brave1.png\",\"contentUrl\":\"https:\/\/bravecomponents.com\/wp-content\/uploads\/2021\/01\/Icon_Brave1.png\",\"width\":120,\"height\":120,\"caption\":\"Brave Components\"},\"image\":{\"@id\":\"https:\/\/bravecomponents.com\/#\/schema\/logo\/image\/\"}}]}<\/script>\n<!-- \/ Yoast SEO plugin. -->","yoast_head_json":{"title":"Prolog - Brave Components","robots":{"index":"index","follow":"follow","max-snippet":"max-snippet:-1","max-image-preview":"max-image-preview:large","max-video-preview":"max-video-preview:-1"},"canonical":"https:\/\/bravecomponents.com\/en\/prolog\/","og_locale":"en_GB","og_type":"article","og_title":"Prolog - Brave Components","og_description":"Prolog Wir schenken M\u00f6glichkeiten. Wir glauben an das Potential innovativer Produkte, das Leben zu verbessern. Es ist unser Antrieb, solche Produkte zu finden oder zu selbst entwickeln. Wir wollen Menschen dadurch nachhaltig in ihrem Tun und ihrer Pers\u00f6nlichkeit voranbringen. #spezialisierung Wir entwickeln und vertreiben Produkte im Segment der Aktiv- und Sportollst\u00fchle. Die bei uns erh\u00e4tlichen [&hellip;]","og_url":"https:\/\/bravecomponents.com\/en\/prolog\/","og_site_name":"Brave Components","article_modified_time":"2021-04-12T19:57:18+00:00","twitter_card":"summary_large_image","twitter_misc":{"Estimated reading time":"2 minutes"},"schema":{"@context":"https:\/\/schema.org","@graph":[{"@type":"WebPage","@id":"https:\/\/bravecomponents.com\/prolog\/","url":"https:\/\/bravecomponents.com\/prolog\/","name":"Prolog - Brave Components","isPartOf":{"@id":"https:\/\/bravecomponents.com\/#website"},"datePublished":"2021-01-26T18:45:03+00:00","dateModified":"2021-04-12T19:57:18+00:00","breadcrumb":{"@id":"https:\/\/bravecomponents.com\/prolog\/#breadcrumb"},"inLanguage":"en-GB","potentialAction":[{"@type":"ReadAction","target":["https:\/\/bravecomponents.com\/prolog\/"]}]},{"@type":"BreadcrumbList","@id":"https:\/\/bravecomponents.com\/prolog\/#breadcrumb","itemListElement":[{"@type":"ListItem","position":1,"name":"Startseite","item":"https:\/\/bravecomponents.com\/"},{"@type":"ListItem","position":2,"name":"Prolog"}]},{"@type":"WebSite","@id":"https:\/\/bravecomponents.com\/#website","url":"https:\/\/bravecomponents.com\/","name":"Brave Components","description":"","publisher":{"@id":"https:\/\/bravecomponents.com\/#organization"},"potentialAction":[{"@type":"SearchAction","target":{"@type":"EntryPoint","urlTemplate":"https:\/\/bravecomponents.com\/?s={search_term_string}"},"query-input":"required name=search_term_string"}],"inLanguage":"en-GB"},{"@type":"Organization","@id":"https:\/\/bravecomponents.com\/#organization","name":"Brave Components","url":"https:\/\/bravecomponents.com\/","sameAs":[],"logo":{"@type":"ImageObject","inLanguage":"en-GB","@id":"https:\/\/bravecomponents.com\/#\/schema\/logo\/image\/","url":"https:\/\/bravecomponents.com\/wp-content\/uploads\/2021\/01\/Icon_Brave1.png","contentUrl":"https:\/\/bravecomponents.com\/wp-content\/uploads\/2021\/01\/Icon_Brave1.png","width":120,"height":120,"caption":"Brave Components"},"image":{"@id":"https:\/\/bravecomponents.com\/#\/schema\/logo\/image\/"}}]}},"_links":{"self":[{"href":"https:\/\/bravecomponents.com\/en\/wp-json\/wp\/v2\/pages\/9379"}],"collection":[{"href":"https:\/\/bravecomponents.com\/en\/wp-json\/wp\/v2\/pages"}],"about":[{"href":"https:\/\/bravecomponents.com\/en\/wp-json\/wp\/v2\/types\/page"}],"author":[{"embeddable":true,"href":"https:\/\/bravecomponents.com\/en\/wp-json\/wp\/v2\/users\/5"}],"replies":[{"embeddable":true,"href":"https:\/\/bravecomponents.com\/en\/wp-json\/wp\/v2\/comments?post=9379"}],"version-history":[{"count":19,"href":"https:\/\/bravecomponents.com\/en\/wp-json\/wp\/v2\/pages\/9379\/revisions"}],"predecessor-version":[{"id":10433,"href":"https:\/\/bravecomponents.com\/en\/wp-json\/wp\/v2\/pages\/9379\/revisions\/10433"}],"wp:attachment":[{"href":"https:\/\/bravecomponents.com\/en\/wp-json\/wp\/v2\/media?parent=9379"}],"curies":[{"name":"wp","href":"https:\/\/api.w.org\/{rel}","templated":true}]}}